{"id":8,"date":"2025-04-14T11:11:57","date_gmt":"2025-04-14T11:11:57","guid":{"rendered":"https:\/\/elenavegasfisioterapia.es\/?page_id=8"},"modified":"2025-05-21T12:04:25","modified_gmt":"2025-05-21T12:04:25","slug":"quienes","status":"publish","type":"page","link":"https:\/\/elenavegasfisioterapia.es\/en\/quienes\/","title":{"rendered":"Sobre m\u00ed"},"content":{"rendered":"<p>[et_pb_section fb_built=\u00bb1&#8243; custom_padding_last_edited=\u00bbon|phone\u00bb admin_label=\u00bbHero\u00bb _builder_version=\u00bb4.27.4&#8243; _module_preset=\u00bb8363d3a1-7f13-4aae-8984-26124f93e21c\u00bb background_color_gradient_stops=\u00bbrgba(255,255,255,0) 0%|rgba(255,255,255,0.59) 99%\u00bb background_color_gradient_overlays_image=\u00bbon\u00bb background_image=\u00bbhttps:\/\/elenavegasfisioterapia.es\/wp-content\/uploads\/2025\/05\/ff0563ac5038205c79ab4f9b63212f89.jpg\u00bb custom_margin_tablet=\u00bb\u00bb custom_margin_phone=\u00bb|-3px||-7px|false|false\u00bb custom_margin_last_edited=\u00bbon|phone\u00bb custom_padding=\u00bb||262px|||\u00bb custom_padding_tablet=\u00bb||262px|||\u00bb custom_padding_phone=\u00bb|0px|93px|393px|false|false\u00bb bottom_divider_style=\u00bbwaves2&#8243; bottom_divider_color=\u00bb#FFFFFF\u00bb box_shadow_style=\u00bbpreset7&#8243; box_shadow_horizontal=\u00bb0px\u00bb box_shadow_vertical=\u00bb-10vw\u00bb box_shadow_color=\u00bb#FFFFFF\u00bb locked=\u00bboff\u00bb collapsed=\u00bbon\u00bb global_colors_info=\u00bb{%22gcid-36fd78a7-34bc-404d-873c-dafa34efaae5%22:%91%22colorStart%22,%22colorEnd%22%93}\u00bb][et_pb_row _builder_version=\u00bb4.23.1&#8243; _module_preset=\u00bb5138c454-be54-4233-bd3b-f8e6a8747976&#8243; max_width=\u00bb800px\u00bb global_colors_info=\u00bb{}\u00bb][et_pb_column type=\u00bb4_4&#8243; _builder_version=\u00bb4.16&#8243; _module_preset=\u00bb73121f80-a3ef-4484-8763-c3f18e3c56d2&#8243; global_colors_info=\u00bb{}\u00bb][et_pb_heading title=\u00bbUn poco de mi historia\u00bb _builder_version=\u00bb4.27.4&#8243; _module_preset=\u00bbddeb8c09-9078-4424-bc15-2efb6572e28e\u00bb title_text_align=\u00bbcenter\u00bb title_text_color=\u00bb#000000&#8243; custom_margin_tablet=\u00bb\u00bb custom_margin_phone=\u00bb|||-390px|false|false\u00bb custom_margin_last_edited=\u00bbon|phone\u00bb custom_padding_tablet=\u00bb\u00bb custom_padding_phone=\u00bb\u00bb custom_padding_last_edited=\u00bbon|phone\u00bb hover_enabled=\u00bb0&#8243; locked=\u00bboff\u00bb global_colors_info=\u00bb{}\u00bb sticky_enabled=\u00bb0&#8243;][\/et_pb_heading][\/et_pb_column][\/et_pb_row][\/et_pb_section][et_pb_section fb_built=\u00bb1&#8243; prev_background_color=\u00bb#ffffff\u00bb admin_label=\u00bbAbout\u00bb _builder_version=\u00bb4.27.4&#8243; _module_preset=\u00bbdefault\u00bb background_image=\u00bbhttps:\/\/elenavegasfisioterapia.es\/wp-content\/uploads\/2025\/05\/6eddc1fba072ab7f4e9cbe4e875fc7d8.jpg\u00bb background_size=\u00bbinitial\u00bb background_position=\u00bbtop_left\u00bb top_divider_style=\u00bbwaves2&#8243; collapsed=\u00bbon\u00bb global_colors_info=\u00bb{}\u00bb custom_padding=\u00bb||0px|||\u00bb][et_pb_row _builder_version=\u00bb4.27.4&#8243; _module_preset=\u00bbdefault\u00bb global_colors_info=\u00bb{}\u00bb][et_pb_column type=\u00bb4_4&#8243; _builder_version=\u00bb4.27.4&#8243; _module_preset=\u00bbdefault\u00bb global_colors_info=\u00bb{}\u00bb][et_pb_text _builder_version=\u00bb4.27.4&#8243; _module_preset=\u00bbdefault\u00bb custom_margin=\u00bb|||555px|false|false\u00bb custom_margin_tablet=\u00bb|||555px|false|false\u00bb custom_margin_phone=\u00bb|2px||5px|false|false\u00bb custom_margin_last_edited=\u00bbon|phone\u00bb custom_padding_tablet=\u00bb\u00bb custom_padding_phone=\u00bb|0px||0px|false|false\u00bb custom_padding_last_edited=\u00bbon|phone\u00bb hover_enabled=\u00bb0&#8243; background_last_edited=\u00bbon|phone\u00bb use_background_color_gradient_phone=\u00bbon\u00bb background_color_gradient_stops_phone=\u00bbrgba(255,255,255,0.3) 0%|rgba(255,255,255,0.68) 99%\u00bb global_colors_info=\u00bb{}\u00bb sticky_enabled=\u00bb0&#8243;]<\/p>\n<p style=\"text-align: justify;\">Mi nombre es Elena y soy fisioterapeuta.<\/p>\n<p style=\"text-align: justify;\">En mi camino profesional desde que me gradu\u00e9, he trabajado en muchas ramas de la fisioterapia, desde el trato con pacientes en cl\u00ednica, pasando por fisioterapia neurol\u00f3gica en pacientes con PCI, hasta el trabajo de suelo p\u00e9lvico.<\/p>\n<p style=\"text-align: justify;\">En el momento actual, me dedico a trabajar tanto con ni\u00f1os como el suelo p\u00e9lvico, no solo en la etapa de la maternidad que incluye embarazo y post parto, si no tambi\u00e9n afecciones que pueden darse en otras etapas de la vida de la mujer, como la menopausia; dolor p\u00e9lvico o afecciones derivadas de la pr\u00e1ctica deportiva.<\/p>\n<p style=\"text-align: justify;\">Tampoco nos podemos olvidar del suelo p\u00e9lvico masculino o del suelo p\u00e9lvico de los ni\u00f1os, que tambi\u00e9n sufren disfunciones.<\/p>\n<p style=\"text-align: justify;\">Mi experiencia en varios \u00e1mbitos me ayudan a encontrar un enfoque global, que me permiten individualizar los tratamientos de cada paciente, adem\u00e1s de disponer de muchas herramientas que me ayudan a conseguir el \u00e9xito en los tratamientos.<\/p>\n<p style=\"text-align: justify;\">Adem\u00e1s, soy muy partidaria del trabajo multidisciplinar, por lo que si es necesario, trabajo de la mano de compa\u00f1eras de otras especialidades que, desde su campo, pueden ayudar al paciente a encontrar la soluci\u00f3n a su problema.<\/p>\n<p style=\"text-align: justify;\">Intento ser la profesional sanitaria que me gustar\u00eda tener para mi, centr\u00e1ndome en las necesidades de la persona, otorg\u00e1ndole las herramientas que necesita para alcanzar sus objetivos.<\/p>\n<p>[\/et_pb_text][\/et_pb_column][\/et_pb_row][\/et_pb_section][et_pb_section fb_built=\u00bb1&#8243; theme_builder_area=\u00bbpost_content\u00bb _builder_version=\u00bb4.27.4&#8243; _module_preset=\u00bbdefault\u00bb custom_padding=\u00bb0px|||||\u00bb][et_pb_row _builder_version=\u00bb4.27.4&#8243; _module_preset=\u00bbdefault\u00bb theme_builder_area=\u00bbpost_content\u00bb][et_pb_column _builder_version=\u00bb4.27.4&#8243; _module_preset=\u00bbdefault\u00bb type=\u00bb4_4&#8243; theme_builder_area=\u00bbpost_content\u00bb][et_pb_text _builder_version=\u00bb4.27.4&#8243; _module_preset=\u00bbdefault\u00bb theme_builder_area=\u00bbpost_content\u00bb hover_enabled=\u00bb0&#8243; sticky_enabled=\u00bb0&#8243; text_font=\u00bb&#8211;et_global_body_font||||||||\u00bb]<\/p>\n<h2>FORMACI\u00d3N<\/h2>\n<p>&nbsp;<\/p>\n<p style=\"text-align: justify;\">Graduada en Fisioterapia por la Universidad de Salamanca en el a\u00f1o 2015<\/p>\n<p style=\"text-align: justify;\">Oste\u00f3pata C.O por la Escuela de Osteopat\u00eda de Madrid, a\u00f1o 2021<\/p>\n<p style=\"text-align: justify;\">Formaci\u00f3n en Pilates Suelo, G.A.H y punci\u00f3n seca<\/p>\n<p style=\"text-align: justify;\">Formaci\u00f3n en Le M\u00e9tayer y Atenci\u00f3n Temprana<\/p>\n<p style=\"text-align: justify;\">M\u00e1ster universitario en Abordaje Integral de Suelo p\u00e9lvico por la Universidad Europea de Madrid, a\u00f1o 2024<\/p>\n<p>[\/et_pb_text][\/et_pb_column][\/et_pb_row][\/et_pb_section]<\/p>","protected":false},"excerpt":{"rendered":"<p>Mi nombre es Elena y soy fisioterapeuta. En mi camino profesional desde que me gradu\u00e9, he trabajado en muchas ramas de la fisioterapia, desde el trato con pacientes en cl\u00ednica, pasando por fisioterapia neurol\u00f3gica en pacientes con PCI, hasta el trabajo de suelo p\u00e9lvico. En el momento actual, me dedico a trabajar tanto con ni\u00f1os [&hellip;]<\/p>","protected":false},"author":1,"featured_media":0,"parent":0,"menu_order":0,"comment_status":"closed","ping_status":"closed","template":"","meta":{"_et_pb_use_builder":"on","_et_pb_old_content":"","_et_gb_content_width":"","footnotes":""},"class_list":["post-8","page","type-page","status-publish","hentry"],"_links":{"self":[{"href":"https:\/\/elenavegasfisioterapia.es\/en\/wp-json\/wp\/v2\/pages\/8","targetHints":{"allow":["GET"]}}],"collection":[{"href":"https:\/\/elenavegasfisioterapia.es\/en\/wp-json\/wp\/v2\/pages"}],"about":[{"href":"https:\/\/elenavegasfisioterapia.es\/en\/wp-json\/wp\/v2\/types\/page"}],"author":[{"embeddable":true,"href":"https:\/\/elenavegasfisioterapia.es\/en\/wp-json\/wp\/v2\/users\/1"}],"replies":[{"embeddable":true,"href":"https:\/\/elenavegasfisioterapia.es\/en\/wp-json\/wp\/v2\/comments?post=8"}],"version-history":[{"count":0,"href":"https:\/\/elenavegasfisioterapia.es\/en\/wp-json\/wp\/v2\/pages\/8\/revisions"}],"wp:attachment":[{"href":"https:\/\/elenavegasfisioterapia.es\/en\/wp-json\/wp\/v2\/media?parent=8"}],"curies":[{"name":"wp","href":"https:\/\/api.w.org\/{rel}","templated":true}]}}