{"id":216,"date":"2025-07-16T10:07:35","date_gmt":"2025-07-16T10:07:35","guid":{"rendered":"https:\/\/elenavegasfisioterapia.es\/?page_id=216"},"modified":"2025-07-16T10:07:37","modified_gmt":"2025-07-16T10:07:37","slug":"politica-de-cookies","status":"publish","type":"page","link":"https:\/\/elenavegasfisioterapia.es\/en\/politica-de-cookies\/","title":{"rendered":"Pol\u00edtica de cookies"},"content":{"rendered":"<h2 class=\"wp-block-heading\">POL\u00cdTICA DE COOKIES<\/h2>\n\n\n\n<p><strong>\u00bfQu\u00e9 son las cookies?<\/strong><br>Las cookies son peque\u00f1os archivos que se almacenan en tu dispositivo al navegar por este sitio web. Sirven para recordar tus preferencias y ofrecerte una mejor experiencia de navegaci\u00f3n.<\/p>\n\n\n\n<p><strong>Tipos de cookies utilizadas<\/strong><br>Este sitio web puede utilizar los siguientes tipos de cookies:<\/p>\n\n\n\n<ul class=\"wp-block-list\">\n<li><strong>Cookies t\u00e9cnicas<\/strong>: necesarias para el funcionamiento b\u00e1sico del sitio web.<\/li>\n\n\n\n<li><strong>Cookies de an\u00e1lisis<\/strong>: permiten conocer c\u00f3mo interact\u00faan los usuarios con el sitio.<\/li>\n\n\n\n<li><strong>Cookies de terceros<\/strong>: pueden incluirse a trav\u00e9s de herramientas como Google Analytics o redes sociales.<\/li>\n<\/ul>\n\n\n\n<p><strong>Gesti\u00f3n de cookies<\/strong><br>Puedes aceptar, rechazar o configurar el uso de cookies desde el banner de configuraci\u00f3n inicial o modificando la configuraci\u00f3n de tu navegador.<\/p>\n\n\n\n<p><strong>C\u00f3mo desactivar las cookies<\/strong><br>Puedes configurar tu navegador para que rechace todas las cookies o para que te avise cuando se env\u00ede una. A continuaci\u00f3n te dejamos los enlaces de ayuda seg\u00fan el navegador:<\/p>\n\n\n\n<ul class=\"wp-block-list\">\n<li>Chrome: <a>https:\/\/support.google.com\/chrome\/answer\/95647<\/a><\/li>\n\n\n\n<li>Firefox: <a class=\"\" href=\"https:\/\/support.mozilla.org\/es\/kb\/habilitar-y-deshabilitar-cookies\">https:\/\/support.mozilla.org\/es\/kb\/habilitar-y-deshabilitar-cookies<\/a><\/li>\n\n\n\n<li>Safari: <a class=\"\" href=\"https:\/\/support.apple.com\/es-es\/guide\/safari\/sfri11471\/mac\">https:\/\/support.apple.com\/es-es\/guide\/safari\/sfri11471\/mac<\/a><\/li>\n\n\n\n<li>Edge: <a class=\"\" href=\"https:\/\/support.microsoft.com\/es-es\/microsoft-edge\/delete-cookies\">https:\/\/support.microsoft.com\/es-es\/microsoft-edge\/delete-cookies<\/a><\/li>\n<\/ul>","protected":false},"excerpt":{"rendered":"<p>POL\u00cdTICA DE COOKIES \u00bfQu\u00e9 son las cookies?Las cookies son peque\u00f1os archivos que se almacenan en tu dispositivo al navegar por este sitio web. Sirven para recordar tus preferencias y ofrecerte una mejor experiencia de navegaci\u00f3n. Tipos de cookies utilizadasEste sitio web puede utilizar los siguientes tipos de cookies: Gesti\u00f3n de cookiesPuedes aceptar, rechazar o configurar [&hellip;]<\/p>","protected":false},"author":1,"featured_media":0,"parent":0,"menu_order":0,"comment_status":"closed","ping_status":"closed","template":"","meta":{"_et_pb_use_builder":"off","_et_pb_old_content":"","_et_gb_content_width":"1080","footnotes":""},"class_list":["post-216","page","type-page","status-publish","hentry"],"_links":{"self":[{"href":"https:\/\/elenavegasfisioterapia.es\/en\/wp-json\/wp\/v2\/pages\/216","targetHints":{"allow":["GET"]}}],"collection":[{"href":"https:\/\/elenavegasfisioterapia.es\/en\/wp-json\/wp\/v2\/pages"}],"about":[{"href":"https:\/\/elenavegasfisioterapia.es\/en\/wp-json\/wp\/v2\/types\/page"}],"author":[{"embeddable":true,"href":"https:\/\/elenavegasfisioterapia.es\/en\/wp-json\/wp\/v2\/users\/1"}],"replies":[{"embeddable":true,"href":"https:\/\/elenavegasfisioterapia.es\/en\/wp-json\/wp\/v2\/comments?post=216"}],"version-history":[{"count":0,"href":"https:\/\/elenavegasfisioterapia.es\/en\/wp-json\/wp\/v2\/pages\/216\/revisions"}],"wp:attachment":[{"href":"https:\/\/elenavegasfisioterapia.es\/en\/wp-json\/wp\/v2\/media?parent=216"}],"curies":[{"name":"wp","href":"https:\/\/api.w.org\/{rel}","templated":true}]}}