{"id":213,"date":"2025-07-16T09:56:42","date_gmt":"2025-07-16T09:56:42","guid":{"rendered":"https:\/\/elenavegasfisioterapia.es\/?page_id=213"},"modified":"2025-07-16T09:56:43","modified_gmt":"2025-07-16T09:56:43","slug":"aviso-legal","status":"publish","type":"page","link":"https:\/\/elenavegasfisioterapia.es\/en\/aviso-legal\/","title":{"rendered":"Aviso Legal"},"content":{"rendered":"<h2 class=\"wp-block-heading\">AVISO LEGAL<\/h2>\n\n\n\n<p><strong>Titularidad del sitio web<\/strong><br>En cumplimiento con el deber de informaci\u00f3n recogido en el art\u00edculo 10 de la Ley 34\/2002, de Servicios de la Sociedad de la Informaci\u00f3n y del Comercio Electr\u00f3nico, se informa que el presente sitio web es titularidad de:<\/p>\n\n\n\n<ul class=\"wp-block-list\">\n<li><strong>Nombre comercial<\/strong>: Elena Vegas Fisioterapia<\/li>\n\n\n\n<li><strong>Responsable<\/strong>: Elena Vegas <\/li>\n\n\n\n<li><strong>Domicilio profesional<\/strong>: [a\u00f1adir direcci\u00f3n f\u00edsica del centro]<\/li>\n\n\n\n<li><strong>NIF<\/strong>: [a\u00f1adir NIF de la profesional o empresa]<\/li>\n\n\n\n<li><strong>Correo electr\u00f3nico de contacto<\/strong>: [ej. <a>info@elenavegasfisioterapia.es<\/a>]<\/li>\n\n\n\n<li><strong>Tel\u00e9fono de contacto<\/strong>: [a\u00f1adir n\u00famero]<\/li>\n<\/ul>\n\n\n\n<p><strong>Condiciones de uso<\/strong><br>El acceso y uso de este sitio web atribuye la condici\u00f3n de usuario e implica la aceptaci\u00f3n plena y sin reservas de las condiciones aqu\u00ed expuestas. El usuario se compromete a utilizar la web, sus contenidos y servicios conforme a la ley, la moral, el orden p\u00fablico y las presentes condiciones.<\/p>\n\n\n\n<p><strong>Propiedad intelectual e industrial<\/strong><br>Todos los contenidos del sitio web (textos, im\u00e1genes, logotipos, dise\u00f1o gr\u00e1fico, c\u00f3digo fuente, etc.) son propiedad de Elena Vegas Fisioterapia o de sus licenciantes, y est\u00e1n protegidos por los derechos de propiedad intelectual e industrial. Queda prohibida su reproducci\u00f3n, distribuci\u00f3n o transformaci\u00f3n sin autorizaci\u00f3n expresa.<\/p>\n\n\n\n<p><strong>Responsabilidad<\/strong><br>Elena Vegas Fisioterapia no se responsabiliza del mal uso que se realice de los contenidos del sitio web, ni de los da\u00f1os que puedan derivarse de su uso. Tampoco garantiza la disponibilidad permanente del sitio ni la ausencia de errores t\u00e9cnicos.<\/p>\n\n\n\n<p><strong>Legislaci\u00f3n y jurisdicci\u00f3n<\/strong><br>Las presentes condiciones se rigen por la legislaci\u00f3n espa\u00f1ola. Para cualquier controversia que pudiera derivarse del acceso o uso del sitio web, las partes se someten a los Juzgados y Tribunales de Valladolid, salvo disposici\u00f3n legal en contrario.<\/p>","protected":false},"excerpt":{"rendered":"<p>AVISO LEGAL Titularidad del sitio webEn cumplimiento con el deber de informaci\u00f3n recogido en el art\u00edculo 10 de la Ley 34\/2002, de Servicios de la Sociedad de la Informaci\u00f3n y del Comercio Electr\u00f3nico, se informa que el presente sitio web es titularidad de: Condiciones de usoEl acceso y uso de este sitio web atribuye la [&hellip;]<\/p>","protected":false},"author":1,"featured_media":0,"parent":0,"menu_order":0,"comment_status":"closed","ping_status":"closed","template":"","meta":{"_et_pb_use_builder":"off","_et_pb_old_content":"","_et_gb_content_width":"1080","footnotes":""},"class_list":["post-213","page","type-page","status-publish","hentry"],"_links":{"self":[{"href":"https:\/\/elenavegasfisioterapia.es\/en\/wp-json\/wp\/v2\/pages\/213","targetHints":{"allow":["GET"]}}],"collection":[{"href":"https:\/\/elenavegasfisioterapia.es\/en\/wp-json\/wp\/v2\/pages"}],"about":[{"href":"https:\/\/elenavegasfisioterapia.es\/en\/wp-json\/wp\/v2\/types\/page"}],"author":[{"embeddable":true,"href":"https:\/\/elenavegasfisioterapia.es\/en\/wp-json\/wp\/v2\/users\/1"}],"replies":[{"embeddable":true,"href":"https:\/\/elenavegasfisioterapia.es\/en\/wp-json\/wp\/v2\/comments?post=213"}],"version-history":[{"count":0,"href":"https:\/\/elenavegasfisioterapia.es\/en\/wp-json\/wp\/v2\/pages\/213\/revisions"}],"wp:attachment":[{"href":"https:\/\/elenavegasfisioterapia.es\/en\/wp-json\/wp\/v2\/media?parent=213"}],"curies":[{"name":"wp","href":"https:\/\/api.w.org\/{rel}","templated":true}]}}