{"id":210,"date":"2025-07-16T09:54:34","date_gmt":"2025-07-16T09:54:34","guid":{"rendered":"https:\/\/elenavegasfisioterapia.es\/?page_id=210"},"modified":"2025-07-16T09:54:36","modified_gmt":"2025-07-16T09:54:36","slug":"politica-de-privacidad","status":"publish","type":"page","link":"https:\/\/elenavegasfisioterapia.es\/en\/politica-de-privacidad\/","title":{"rendered":"Pol\u00edtica de Privacidad"},"content":{"rendered":"<h2 class=\"wp-block-heading\">POL\u00cdTICA DE PRIVACIDAD<\/h2>\n\n\n\n<p><strong>Responsable del tratamiento<\/strong><\/p>\n\n\n\n<ul class=\"wp-block-list\">\n<li><strong>Responsable<\/strong>: Elena Vegas<\/li>\n\n\n\n<li><strong>Finalidad<\/strong>: Gestionar las solicitudes de contacto, enviar informaci\u00f3n relacionada con los servicios ofrecidos, y en su caso, gestionar citas.<\/li>\n\n\n\n<li><strong>Legitimaci\u00f3n<\/strong>: Consentimiento del interesado.<\/li>\n\n\n\n<li><strong>Destinatarios<\/strong>: No se ceder\u00e1n datos a terceros, salvo obligaci\u00f3n legal.<\/li>\n\n\n\n<li><strong>Derechos<\/strong>: Acceder, rectificar y suprimir los datos, as\u00ed como otros derechos que puede consultar m\u00e1s abajo.<\/li>\n\n\n\n<li><strong>Contacto para ejercicio de derechos<\/strong>: [correo electr\u00f3nico de contacto]<\/li>\n<\/ul>\n\n\n\n<p><strong>Tratamiento de datos<\/strong><br>Los datos personales recabados a trav\u00e9s del formulario de contacto, correo electr\u00f3nico o tel\u00e9fono ser\u00e1n tratados con la finalidad de responder a consultas, gestionar citas o enviar informaci\u00f3n relacionada con nuestros servicios.<\/p>\n\n\n\n<p><strong>Conservaci\u00f3n de los datos<\/strong><br>Los datos ser\u00e1n conservados durante el tiempo necesario para atender las finalidades para las que fueron recabados y para cumplir con las obligaciones legales correspondientes.<\/p>\n\n\n\n<p><strong>Ejercicio de derechos<\/strong><br>Como usuario puedes ejercer los derechos de acceso, rectificaci\u00f3n, supresi\u00f3n, limitaci\u00f3n, oposici\u00f3n y portabilidad enviando una solicitud escrita al correo indicado. Si consideras que no se ha atendido adecuadamente tu solicitud, puedes reclamar ante la Agencia Espa\u00f1ola de Protecci\u00f3n de Datos (<a class=\"\" href=\"http:\/\/www.aepd.es\">www.aepd.es<\/a>).<\/p>\n\n\n\n<p><strong>Medidas de seguridad<\/strong><br>Elena Vegas Fisioterapia aplica las medidas t\u00e9cnicas y organizativas necesarias para garantizar la seguridad de los datos personales y evitar su p\u00e9rdida, mal uso, alteraci\u00f3n o acceso no autorizado.<\/p>","protected":false},"excerpt":{"rendered":"<p>POL\u00cdTICA DE PRIVACIDAD Responsable del tratamiento Tratamiento de datosLos datos personales recabados a trav\u00e9s del formulario de contacto, correo electr\u00f3nico o tel\u00e9fono ser\u00e1n tratados con la finalidad de responder a consultas, gestionar citas o enviar informaci\u00f3n relacionada con nuestros servicios. Conservaci\u00f3n de los datosLos datos ser\u00e1n conservados durante el tiempo necesario para atender las finalidades [&hellip;]<\/p>","protected":false},"author":1,"featured_media":0,"parent":0,"menu_order":0,"comment_status":"closed","ping_status":"closed","template":"","meta":{"_et_pb_use_builder":"off","_et_pb_old_content":"","_et_gb_content_width":"1080","footnotes":""},"class_list":["post-210","page","type-page","status-publish","hentry"],"_links":{"self":[{"href":"https:\/\/elenavegasfisioterapia.es\/en\/wp-json\/wp\/v2\/pages\/210","targetHints":{"allow":["GET"]}}],"collection":[{"href":"https:\/\/elenavegasfisioterapia.es\/en\/wp-json\/wp\/v2\/pages"}],"about":[{"href":"https:\/\/elenavegasfisioterapia.es\/en\/wp-json\/wp\/v2\/types\/page"}],"author":[{"embeddable":true,"href":"https:\/\/elenavegasfisioterapia.es\/en\/wp-json\/wp\/v2\/users\/1"}],"replies":[{"embeddable":true,"href":"https:\/\/elenavegasfisioterapia.es\/en\/wp-json\/wp\/v2\/comments?post=210"}],"version-history":[{"count":0,"href":"https:\/\/elenavegasfisioterapia.es\/en\/wp-json\/wp\/v2\/pages\/210\/revisions"}],"wp:attachment":[{"href":"https:\/\/elenavegasfisioterapia.es\/en\/wp-json\/wp\/v2\/media?parent=210"}],"curies":[{"name":"wp","href":"https:\/\/api.w.org\/{rel}","templated":true}]}}